{"id":1000,"date":"2025-09-16T19:36:36","date_gmt":"2025-09-16T19:36:36","guid":{"rendered":"https:\/\/capreis.cl\/web\/?page_id=1000"},"modified":"2025-09-16T19:55:30","modified_gmt":"2025-09-16T19:55:30","slug":"buzon-denuncias","status":"publish","type":"page","link":"https:\/\/capreis.cl\/web\/buzon-denuncias\/","title":{"rendered":"Buz\u00f3n Denuncias"},"content":{"rendered":"\t\t<div data-elementor-type=\"wp-page\" data-elementor-id=\"1000\" class=\"elementor elementor-1000\" data-elementor-post-type=\"page\">\n\t\t\t\t\t\t<section class=\"elementor-section elementor-top-section elementor-element elementor-element-f6c4ca7 elementor-section-boxed elementor-section-height-default elementor-section-height-default\" data-id=\"f6c4ca7\" data-element_type=\"section\">\n\t\t\t\t\t\t<div class=\"elementor-container elementor-column-gap-default\">\n\t\t\t\t\t<div class=\"elementor-column elementor-col-100 elementor-top-column elementor-element elementor-element-9a53d4d\" data-id=\"9a53d4d\" data-element_type=\"column\">\n\t\t\t<div class=\"elementor-widget-wrap elementor-element-populated\">\n\t\t\t\t\t\t<div class=\"elementor-element elementor-element-e1adc3f elementor-widget elementor-widget-heading\" data-id=\"e1adc3f\" data-element_type=\"widget\" data-widget_type=\"heading.default\">\n\t\t\t\t<div class=\"elementor-widget-container\">\n\t\t\t\t\t<h2 class=\"elementor-heading-title elementor-size-default\">Buz\u00f3n de Denuncias, reclamos y Felicitaciones para ni\u00f1os, ni\u00f1as, adolescentes y familias<\/h2>\t\t\t\t<\/div>\n\t\t\t\t<\/div>\n\t\t\t\t\t<\/div>\n\t\t<\/div>\n\t\t\t\t\t<\/div>\n\t\t<\/section>\n\t\t\t\t<section class=\"elementor-section elementor-top-section elementor-element elementor-element-b4a03f4 elementor-section-full_width elementor-section-height-default elementor-section-height-default\" data-id=\"b4a03f4\" data-element_type=\"section\" data-settings=\"{&quot;background_background&quot;:&quot;classic&quot;}\">\n\t\t\t\t\t\t\t<div class=\"elementor-background-overlay\"><\/div>\n\t\t\t\t\t\t\t<div class=\"elementor-container elementor-column-gap-no\">\n\t\t\t\t\t<div class=\"elementor-column elementor-col-100 elementor-top-column elementor-element elementor-element-371c33c\" data-id=\"371c33c\" data-element_type=\"column\">\n\t\t\t<div class=\"elementor-widget-wrap elementor-element-populated\">\n\t\t\t\t\t\t<section class=\"elementor-section elementor-inner-section elementor-element elementor-element-4674bb8 elementor-section-content-middle elementor-section-full_width elementor-section-height-default elementor-section-height-default\" data-id=\"4674bb8\" data-element_type=\"section\">\n\t\t\t\t\t\t<div class=\"elementor-container elementor-column-gap-default\">\n\t\t\t\t\t<div class=\"elementor-column elementor-col-50 elementor-inner-column elementor-element elementor-element-55b0f04\" data-id=\"55b0f04\" data-element_type=\"column\">\n\t\t\t<div class=\"elementor-widget-wrap elementor-element-populated\">\n\t\t\t\t\t\t<div class=\"elementor-element elementor-element-ed928e8 elementor-widget__width-initial elementor-widget elementor-widget-image\" data-id=\"ed928e8\" data-element_type=\"widget\" data-widget_type=\"image.default\">\n\t\t\t\t<div class=\"elementor-widget-container\">\n\t\t\t\t\t\t\t\t\t\t\t\t\t\t\t<img fetchpriority=\"high\" decoding=\"async\" width=\"800\" height=\"992\" src=\"https:\/\/capreis.cl\/web\/wp-content\/uploads\/2025\/09\/Copia-de-White-And-Purple-Illustration-Gym-Satisfaction-Survey-Form-Document-1-826x1024.png\" class=\"attachment-large size-large wp-image-1002\" alt=\"formulario denuncias\" srcset=\"https:\/\/capreis.cl\/web\/wp-content\/uploads\/2025\/09\/Copia-de-White-And-Purple-Illustration-Gym-Satisfaction-Survey-Form-Document-1-826x1024.png 826w, https:\/\/capreis.cl\/web\/wp-content\/uploads\/2025\/09\/Copia-de-White-And-Purple-Illustration-Gym-Satisfaction-Survey-Form-Document-1-242x300.png 242w, https:\/\/capreis.cl\/web\/wp-content\/uploads\/2025\/09\/Copia-de-White-And-Purple-Illustration-Gym-Satisfaction-Survey-Form-Document-1-768x952.png 768w, https:\/\/capreis.cl\/web\/wp-content\/uploads\/2025\/09\/Copia-de-White-And-Purple-Illustration-Gym-Satisfaction-Survey-Form-Document-1-1240x1536.png 1240w, https:\/\/capreis.cl\/web\/wp-content\/uploads\/2025\/09\/Copia-de-White-And-Purple-Illustration-Gym-Satisfaction-Survey-Form-Document-1-1653x2048.png 1653w, https:\/\/capreis.cl\/web\/wp-content\/uploads\/2025\/09\/Copia-de-White-And-Purple-Illustration-Gym-Satisfaction-Survey-Form-Document-1-600x743.png 600w\" sizes=\"(max-width: 800px) 100vw, 800px\" \/>\t\t\t\t\t\t\t\t\t\t\t\t\t\t\t<\/div>\n\t\t\t\t<\/div>\n\t\t\t\t\t<\/div>\n\t\t<\/div>\n\t\t\t\t<div class=\"elementor-column elementor-col-50 elementor-inner-column elementor-element elementor-element-3b857fd\" data-id=\"3b857fd\" data-element_type=\"column\">\n\t\t\t<div class=\"elementor-widget-wrap elementor-element-populated\">\n\t\t\t\t\t\t<div class=\"elementor-element elementor-element-46717f7 elementor-widget elementor-widget-image\" data-id=\"46717f7\" data-element_type=\"widget\" data-widget_type=\"image.default\">\n\t\t\t\t<div class=\"elementor-widget-container\">\n\t\t\t\t\t\t\t\t\t\t\t\t\t\t\t\t<a href=\"https:\/\/docs.google.com\/forms\/d\/e\/1FAIpQLSfZziA-G3LKNInWDuV-8ITEU4qgK4a6CuDmze432JJZyFbS3Q\/viewform\" target=\"_blank\">\n\t\t\t\t\t\t\t<img decoding=\"async\" data-src=\"https:\/\/capreis.cl\/web\/wp-content\/uploads\/elementor\/thumbs\/pincha-buzon-rbuu0kynryr6nlfe4fhy9oqgd5mta9ylekfege86ps.png\" title=\"pincha buz\u00f3n\" alt=\"pincha buz\u00f3n\" src=\"data:image\/svg+xml;base64,PHN2ZyB3aWR0aD0iMSIgaGVpZ2h0PSIxIiB4bWxucz0iaHR0cDovL3d3dy53My5vcmcvMjAwMC9zdmciPjwvc3ZnPg==\" class=\"lazyload\" style=\"--smush-placeholder-width: 1064px; --smush-placeholder-aspect-ratio: 1064\/1024;\" \/>\t\t\t\t\t\t\t\t<\/a>\n\t\t\t\t\t\t\t\t\t\t\t\t\t\t\t<\/div>\n\t\t\t\t<\/div>\n\t\t\t\t\t<\/div>\n\t\t<\/div>\n\t\t\t\t\t<\/div>\n\t\t<\/section>\n\t\t\t\t\t<\/div>\n\t\t<\/div>\n\t\t\t\t\t<\/div>\n\t\t<\/section>\n\t\t\t\t<section class=\"elementor-section elementor-top-section elementor-element elementor-element-d03a119 elementor-section-boxed elementor-section-height-default elementor-section-height-default\" data-id=\"d03a119\" data-element_type=\"section\">\n\t\t\t\t\t\t<div class=\"elementor-container elementor-column-gap-default\">\n\t\t\t\t\t<div class=\"elementor-column elementor-col-50 elementor-top-column elementor-element elementor-element-a072d83\" data-id=\"a072d83\" data-element_type=\"column\">\n\t\t\t<div class=\"elementor-widget-wrap\">\n\t\t\t\t\t\t\t<\/div>\n\t\t<\/div>\n\t\t\t\t<div class=\"elementor-column elementor-col-50 elementor-top-column elementor-element elementor-element-0cca5b3\" data-id=\"0cca5b3\" data-element_type=\"column\">\n\t\t\t<div class=\"elementor-widget-wrap\">\n\t\t\t\t\t\t\t<\/div>\n\t\t<\/div>\n\t\t\t\t\t<\/div>\n\t\t<\/section>\n\t\t\t\t<\/div>\n\t\t","protected":false},"excerpt":{"rendered":"<p>Buz\u00f3n de Denuncias, reclamos y Felicitaciones para ni\u00f1os, ni\u00f1as, adolescentes y familias<\/p>\n","protected":false},"author":1,"featured_media":0,"parent":0,"menu_order":0,"comment_status":"closed","ping_status":"closed","template":"","meta":{"productId":0,"footnotes":""},"class_list":["post-1000","page","type-page","status-publish","hentry"],"_links":{"self":[{"href":"https:\/\/capreis.cl\/web\/wp-json\/wp\/v2\/pages\/1000","targetHints":{"allow":["GET"]}}],"collection":[{"href":"https:\/\/capreis.cl\/web\/wp-json\/wp\/v2\/pages"}],"about":[{"href":"https:\/\/capreis.cl\/web\/wp-json\/wp\/v2\/types\/page"}],"author":[{"embeddable":true,"href":"https:\/\/capreis.cl\/web\/wp-json\/wp\/v2\/users\/1"}],"replies":[{"embeddable":true,"href":"https:\/\/capreis.cl\/web\/wp-json\/wp\/v2\/comments?post=1000"}],"version-history":[{"count":7,"href":"https:\/\/capreis.cl\/web\/wp-json\/wp\/v2\/pages\/1000\/revisions"}],"predecessor-version":[{"id":1010,"href":"https:\/\/capreis.cl\/web\/wp-json\/wp\/v2\/pages\/1000\/revisions\/1010"}],"wp:attachment":[{"href":"https:\/\/capreis.cl\/web\/wp-json\/wp\/v2\/media?parent=1000"}],"curies":[{"name":"wp","href":"https:\/\/api.w.org\/{rel}","templated":true}]}}