{"id":111,"date":"2025-05-07T21:00:26","date_gmt":"2025-05-07T21:00:26","guid":{"rendered":"https:\/\/capreis.cl\/web\/?page_id=111"},"modified":"2025-05-12T21:25:27","modified_gmt":"2025-05-12T21:25:27","slug":"trabaja-con-nosotros","status":"publish","type":"page","link":"https:\/\/capreis.cl\/web\/trabaja-con-nosotros\/","title":{"rendered":"Trabaja con nosotros"},"content":{"rendered":"\t\t<div data-elementor-type=\"wp-page\" data-elementor-id=\"111\" class=\"elementor elementor-111\" data-elementor-post-type=\"page\">\n\t\t\t\t\t\t<section class=\"elementor-section elementor-top-section elementor-element elementor-element-6297775b elementor-section-full_width elementor-section-height-default elementor-section-height-default\" data-id=\"6297775b\" data-element_type=\"section\" data-settings=\"{&quot;background_background&quot;:&quot;classic&quot;}\">\n\t\t\t\t\t\t\t<div class=\"elementor-background-overlay\"><\/div>\n\t\t\t\t\t\t\t<div class=\"elementor-container elementor-column-gap-no\">\n\t\t\t\t\t<div class=\"elementor-column elementor-col-100 elementor-top-column elementor-element elementor-element-552757a4\" data-id=\"552757a4\" data-element_type=\"column\">\n\t\t\t<div class=\"elementor-widget-wrap elementor-element-populated\">\n\t\t\t\t\t\t<div class=\"elementor-element elementor-element-34233316 elementor-widget elementor-widget-heading\" data-id=\"34233316\" data-element_type=\"widget\" data-widget_type=\"heading.default\">\n\t\t\t\t<div class=\"elementor-widget-container\">\n\t\t\t\t\t<h2 class=\"elementor-heading-title elementor-size-default\">Trabaja con nosotros<\/h2>\t\t\t\t<\/div>\n\t\t\t\t<\/div>\n\t\t\t\t\t<\/div>\n\t\t<\/div>\n\t\t\t\t\t<\/div>\n\t\t<\/section>\n\t\t\t\t<section class=\"elementor-section elementor-top-section elementor-element elementor-element-69d9482a elementor-section-content-middle elementor-section-height-full elementor-section-items-top elementor-section-boxed elementor-section-height-default\" data-id=\"69d9482a\" data-element_type=\"section\" data-settings=\"{&quot;background_background&quot;:&quot;classic&quot;}\">\n\t\t\t\t\t\t\t<div class=\"elementor-background-overlay\"><\/div>\n\t\t\t\t\t\t\t<div class=\"elementor-container elementor-column-gap-custom\">\n\t\t\t\t\t<div class=\"elementor-column elementor-col-50 elementor-top-column elementor-element elementor-element-460570a7\" data-id=\"460570a7\" data-element_type=\"column\">\n\t\t\t<div class=\"elementor-widget-wrap elementor-element-populated\">\n\t\t\t\t\t\t<div class=\"elementor-element elementor-element-26fd8c22 elementor-widget elementor-widget-elementskit-heading\" data-id=\"26fd8c22\" data-element_type=\"widget\" data-widget_type=\"elementskit-heading.default\">\n\t\t\t\t<div class=\"elementor-widget-container\">\n\t\t\t\t\t<div class=\"ekit-wid-con\" ><div class=\"ekit-heading elementskit-section-title-wraper text_left   ekit_heading_tablet-text_center   ekit_heading_mobile-\"><h2 class=\"ekit-heading--title elementskit-section-title \">Preguntas Frecuentes<\/h2>\t\t\t\t<div class='ekit-heading__description'>\n\t\t\t\t\t<p class=\"\">En CAPREIS, buscamos personas con energ\u00eda, compromiso y que quieran crecer junto a nosotros. Valoramos el trabajo en equipo, la innovaci\u00f3n y las ganas de aprender constantemente.<\/p>\n<p class=\"\">Ofrecemos un entorno de trabajo colaborativo, oportunidades reales de desarrollo profesional y la posibilidad de impactar positivamente en lo que hacemos cada d\u00eda.<\/p>\n<p>\u00a0<\/p>\n\t\t\t\t<\/div>\n\t\t\t<\/div><\/div>\t\t\t\t<\/div>\n\t\t\t\t<\/div>\n\t\t\t\t\t<\/div>\n\t\t<\/div>\n\t\t\t\t<div class=\"elementor-column elementor-col-50 elementor-top-column elementor-element elementor-element-13cfc0d1\" data-id=\"13cfc0d1\" data-element_type=\"column\">\n\t\t\t<div class=\"elementor-widget-wrap elementor-element-populated\">\n\t\t\t\t\t\t<div class=\"elementor-element elementor-element-734649b6 elementor-widget elementor-widget-accordion\" data-id=\"734649b6\" data-element_type=\"widget\" data-widget_type=\"accordion.default\">\n\t\t\t\t<div class=\"elementor-widget-container\">\n\t\t\t\t\t\t\t<div class=\"elementor-accordion\">\n\t\t\t\t\t\t\t<div class=\"elementor-accordion-item\">\n\t\t\t\t\t<div id=\"elementor-tab-title-1931\" class=\"elementor-tab-title\" data-tab=\"1\" role=\"button\" aria-controls=\"elementor-tab-content-1931\" aria-expanded=\"false\">\n\t\t\t\t\t\t\t\t\t\t\t\t\t<span class=\"elementor-accordion-icon elementor-accordion-icon-right\" aria-hidden=\"true\">\n\t\t\t\t\t\t\t\t\t\t\t\t\t\t\t<span class=\"elementor-accordion-icon-closed\"><i class=\"icon icon-plus\"><\/i><\/span>\n\t\t\t\t\t\t\t\t<span class=\"elementor-accordion-icon-opened\"><i class=\"icon icon-minus\"><\/i><\/span>\n\t\t\t\t\t\t\t\t\t\t\t\t\t\t<\/span>\n\t\t\t\t\t\t\t\t\t\t\t\t<a class=\"elementor-accordion-title\" tabindex=\"0\">We are a global family that values diversity.<\/a>\n\t\t\t\t\t<\/div>\n\t\t\t\t\t<div id=\"elementor-tab-content-1931\" class=\"elementor-tab-content elementor-clearfix\" data-tab=\"1\" role=\"region\" aria-labelledby=\"elementor-tab-title-1931\"><p>Phasellus quis diam sed ligula sagittis tempus malesuada sed eros. Quisque elementum, diam et pellentesque volutpat, ligula diam suscipit ligula, sit amet hendrerit arcu ipsum eu nulla. Morbi sed molestie nulla, ac viverra turpis.<\/p><\/div>\n\t\t\t\t<\/div>\n\t\t\t\t\t\t\t<div class=\"elementor-accordion-item\">\n\t\t\t\t\t<div id=\"elementor-tab-title-1932\" class=\"elementor-tab-title\" data-tab=\"2\" role=\"button\" aria-controls=\"elementor-tab-content-1932\" aria-expanded=\"false\">\n\t\t\t\t\t\t\t\t\t\t\t\t\t<span class=\"elementor-accordion-icon elementor-accordion-icon-right\" aria-hidden=\"true\">\n\t\t\t\t\t\t\t\t\t\t\t\t\t\t\t<span class=\"elementor-accordion-icon-closed\"><i class=\"icon icon-plus\"><\/i><\/span>\n\t\t\t\t\t\t\t\t<span class=\"elementor-accordion-icon-opened\"><i class=\"icon icon-minus\"><\/i><\/span>\n\t\t\t\t\t\t\t\t\t\t\t\t\t\t<\/span>\n\t\t\t\t\t\t\t\t\t\t\t\t<a class=\"elementor-accordion-title\" tabindex=\"0\">We own and shape our future.<\/a>\n\t\t\t\t\t<\/div>\n\t\t\t\t\t<div id=\"elementor-tab-content-1932\" class=\"elementor-tab-content elementor-clearfix\" data-tab=\"2\" role=\"region\" aria-labelledby=\"elementor-tab-title-1932\"><p>Lorem ipsum dolor sit amet, consectetur adipiscing elit. Curabitur interdum, arcu a accumsan vulputate, leo diam sodales mi, et bibendum mi nunc at lorem. Etiam ut nisi hendrerit, iaculis metus at, accumsan purus. Vestibulum facilisis iaculis mauris ac pulvinar.<\/p><\/div>\n\t\t\t\t<\/div>\n\t\t\t\t\t\t\t<div class=\"elementor-accordion-item\">\n\t\t\t\t\t<div id=\"elementor-tab-title-1933\" class=\"elementor-tab-title\" data-tab=\"3\" role=\"button\" aria-controls=\"elementor-tab-content-1933\" aria-expanded=\"false\">\n\t\t\t\t\t\t\t\t\t\t\t\t\t<span class=\"elementor-accordion-icon elementor-accordion-icon-right\" aria-hidden=\"true\">\n\t\t\t\t\t\t\t\t\t\t\t\t\t\t\t<span class=\"elementor-accordion-icon-closed\"><i class=\"icon icon-plus\"><\/i><\/span>\n\t\t\t\t\t\t\t\t<span class=\"elementor-accordion-icon-opened\"><i class=\"icon icon-minus\"><\/i><\/span>\n\t\t\t\t\t\t\t\t\t\t\t\t\t\t<\/span>\n\t\t\t\t\t\t\t\t\t\t\t\t<a class=\"elementor-accordion-title\" tabindex=\"0\">Sed eget justo eget urna placerat dapibus non magna?<\/a>\n\t\t\t\t\t<\/div>\n\t\t\t\t\t<div id=\"elementor-tab-content-1933\" class=\"elementor-tab-content elementor-clearfix\" data-tab=\"3\" role=\"region\" aria-labelledby=\"elementor-tab-title-1933\"><p>Phasellus quis diam sed ligula sagittis tempus malesuada sed eros. Quisque elementum, diam et pellentesque volutpat, ligula diam suscipit ligula, sit amet hendrerit arcu ipsum eu nulla. Morbi sed molestie nulla, ac viverra turpis.<\/p><\/div>\n\t\t\t\t<\/div>\n\t\t\t\t\t\t\t<div class=\"elementor-accordion-item\">\n\t\t\t\t\t<div id=\"elementor-tab-title-1934\" class=\"elementor-tab-title\" data-tab=\"4\" role=\"button\" aria-controls=\"elementor-tab-content-1934\" aria-expanded=\"false\">\n\t\t\t\t\t\t\t\t\t\t\t\t\t<span class=\"elementor-accordion-icon elementor-accordion-icon-right\" aria-hidden=\"true\">\n\t\t\t\t\t\t\t\t\t\t\t\t\t\t\t<span class=\"elementor-accordion-icon-closed\"><i class=\"icon icon-plus\"><\/i><\/span>\n\t\t\t\t\t\t\t\t<span class=\"elementor-accordion-icon-opened\"><i class=\"icon icon-minus\"><\/i><\/span>\n\t\t\t\t\t\t\t\t\t\t\t\t\t\t<\/span>\n\t\t\t\t\t\t\t\t\t\t\t\t<a class=\"elementor-accordion-title\" tabindex=\"0\">Proin neque metus, pellentesque vitae cursus quis?<\/a>\n\t\t\t\t\t<\/div>\n\t\t\t\t\t<div id=\"elementor-tab-content-1934\" class=\"elementor-tab-content elementor-clearfix\" data-tab=\"4\" role=\"region\" aria-labelledby=\"elementor-tab-title-1934\"><p>Lorem ipsum dolor sit amet, consectetur adipiscing elit. Curabitur interdum, arcu a accumsan vulputate, leo diam sodales mi, et bibendum mi nunc at lorem. Etiam ut nisi hendrerit, iaculis metus at, accumsan purus. Vestibulum facilisis iaculis mauris ac pulvinar.<\/p><\/div>\n\t\t\t\t<\/div>\n\t\t\t\t\t\t\t<div class=\"elementor-accordion-item\">\n\t\t\t\t\t<div id=\"elementor-tab-title-1935\" class=\"elementor-tab-title\" data-tab=\"5\" role=\"button\" aria-controls=\"elementor-tab-content-1935\" aria-expanded=\"false\">\n\t\t\t\t\t\t\t\t\t\t\t\t\t<span class=\"elementor-accordion-icon elementor-accordion-icon-right\" aria-hidden=\"true\">\n\t\t\t\t\t\t\t\t\t\t\t\t\t\t\t<span class=\"elementor-accordion-icon-closed\"><i class=\"icon icon-plus\"><\/i><\/span>\n\t\t\t\t\t\t\t\t<span class=\"elementor-accordion-icon-opened\"><i class=\"icon icon-minus\"><\/i><\/span>\n\t\t\t\t\t\t\t\t\t\t\t\t\t\t<\/span>\n\t\t\t\t\t\t\t\t\t\t\t\t<a class=\"elementor-accordion-title\" tabindex=\"0\">We create sustainable growth.<\/a>\n\t\t\t\t\t<\/div>\n\t\t\t\t\t<div id=\"elementor-tab-content-1935\" class=\"elementor-tab-content elementor-clearfix\" data-tab=\"5\" role=\"region\" aria-labelledby=\"elementor-tab-title-1935\"><p>Lorem ipsum dolor sit amet, consectetur adipiscing elit. Curabitur interdum, arcu a accumsan vulputate, leo diam sodales mi, et bibendum mi nunc at lorem. Etiam ut nisi hendrerit, iaculis metus at, accumsan purus. Vestibulum facilisis iaculis mauris ac pulvinar.<\/p><\/div>\n\t\t\t\t<\/div>\n\t\t\t\t\t\t\t\t\t\t<script type=\"application\/ld+json\">{\"@context\":\"https:\\\/\\\/schema.org\",\"@type\":\"FAQPage\",\"mainEntity\":[{\"@type\":\"Question\",\"name\":\"We are a global family that values diversity.\",\"acceptedAnswer\":{\"@type\":\"Answer\",\"text\":\"<p>Phasellus quis diam sed ligula sagittis tempus malesuada sed eros. Quisque elementum, diam et pellentesque volutpat, ligula diam suscipit ligula, sit amet hendrerit arcu ipsum eu nulla. Morbi sed molestie nulla, ac viverra turpis.<\\\/p>\"}},{\"@type\":\"Question\",\"name\":\"We own and shape our future.\",\"acceptedAnswer\":{\"@type\":\"Answer\",\"text\":\"<p>Lorem ipsum dolor sit amet, consectetur adipiscing elit. Curabitur interdum, arcu a accumsan vulputate, leo diam sodales mi, et bibendum mi nunc at lorem. Etiam ut nisi hendrerit, iaculis metus at, accumsan purus. Vestibulum facilisis iaculis mauris ac pulvinar.<\\\/p>\"}},{\"@type\":\"Question\",\"name\":\"Sed eget justo eget urna placerat dapibus non magna?\",\"acceptedAnswer\":{\"@type\":\"Answer\",\"text\":\"<p>Phasellus quis diam sed ligula sagittis tempus malesuada sed eros. Quisque elementum, diam et pellentesque volutpat, ligula diam suscipit ligula, sit amet hendrerit arcu ipsum eu nulla. Morbi sed molestie nulla, ac viverra turpis.<\\\/p>\"}},{\"@type\":\"Question\",\"name\":\"Proin neque metus, pellentesque vitae cursus quis?\",\"acceptedAnswer\":{\"@type\":\"Answer\",\"text\":\"<p>Lorem ipsum dolor sit amet, consectetur adipiscing elit. Curabitur interdum, arcu a accumsan vulputate, leo diam sodales mi, et bibendum mi nunc at lorem. Etiam ut nisi hendrerit, iaculis metus at, accumsan purus. Vestibulum facilisis iaculis mauris ac pulvinar.<\\\/p>\"}},{\"@type\":\"Question\",\"name\":\"We create sustainable growth.\",\"acceptedAnswer\":{\"@type\":\"Answer\",\"text\":\"<p>Lorem ipsum dolor sit amet, consectetur adipiscing elit. Curabitur interdum, arcu a accumsan vulputate, leo diam sodales mi, et bibendum mi nunc at lorem. Etiam ut nisi hendrerit, iaculis metus at, accumsan purus. Vestibulum facilisis iaculis mauris ac pulvinar.<\\\/p>\"}}]}<\/script>\n\t\t\t\t\t<\/div>\n\t\t\t\t\t\t<\/div>\n\t\t\t\t<\/div>\n\t\t\t\t\t<\/div>\n\t\t<\/div>\n\t\t\t\t\t<\/div>\n\t\t<\/section>\n\t\t\t\t<section class=\"elementor-section elementor-top-section elementor-element elementor-element-4437a72e elementor-section-content-middle elementor-section-boxed elementor-section-height-default elementor-section-height-default\" data-id=\"4437a72e\" data-element_type=\"section\" data-settings=\"{&quot;background_background&quot;:&quot;classic&quot;}\">\n\t\t\t\t\t\t\t<div class=\"elementor-background-overlay\"><\/div>\n\t\t\t\t\t\t\t<div class=\"elementor-container elementor-column-gap-default\">\n\t\t\t\t\t<div class=\"elementor-column elementor-col-50 elementor-top-column elementor-element elementor-element-80d8e44\" data-id=\"80d8e44\" data-element_type=\"column\" data-settings=\"{&quot;background_background&quot;:&quot;classic&quot;}\">\n\t\t\t<div class=\"elementor-widget-wrap elementor-element-populated\">\n\t\t\t\t\t\t<div class=\"elementor-element elementor-element-1dead0a3 elementor-widget elementor-widget-image\" data-id=\"1dead0a3\" data-element_type=\"widget\" data-widget_type=\"image.default\">\n\t\t\t\t<div class=\"elementor-widget-container\">\n\t\t\t\t\t\t\t\t\t\t\t\t\t\t\t<img fetchpriority=\"high\" decoding=\"async\" width=\"800\" height=\"600\" src=\"https:\/\/capreis.cl\/web\/wp-content\/uploads\/2025\/05\/comunidad-multietnica-y-de-personas-discapacitadas-con-lapices-1024x768.jpg\" class=\"attachment-large size-large wp-image-181\" alt=\"\" srcset=\"https:\/\/capreis.cl\/web\/wp-content\/uploads\/2025\/05\/comunidad-multietnica-y-de-personas-discapacitadas-con-lapices-1024x768.jpg 1024w, https:\/\/capreis.cl\/web\/wp-content\/uploads\/2025\/05\/comunidad-multietnica-y-de-personas-discapacitadas-con-lapices-300x225.jpg 300w, https:\/\/capreis.cl\/web\/wp-content\/uploads\/2025\/05\/comunidad-multietnica-y-de-personas-discapacitadas-con-lapices-768x576.jpg 768w, https:\/\/capreis.cl\/web\/wp-content\/uploads\/2025\/05\/comunidad-multietnica-y-de-personas-discapacitadas-con-lapices-1536x1152.jpg 1536w, https:\/\/capreis.cl\/web\/wp-content\/uploads\/2025\/05\/comunidad-multietnica-y-de-personas-discapacitadas-con-lapices-2048x1536.jpg 2048w, https:\/\/capreis.cl\/web\/wp-content\/uploads\/2025\/05\/comunidad-multietnica-y-de-personas-discapacitadas-con-lapices-600x450.jpg 600w\" sizes=\"(max-width: 800px) 100vw, 800px\" \/>\t\t\t\t\t\t\t\t\t\t\t\t\t\t\t<\/div>\n\t\t\t\t<\/div>\n\t\t\t\t<div class=\"elementor-element elementor-element-35212444 elementor-blockquote--align-center elementor-blockquote--skin-border elementor-widget elementor-widget-blockquote\" data-id=\"35212444\" data-element_type=\"widget\" data-widget_type=\"blockquote.default\">\n\t\t\t\t<div class=\"elementor-widget-container\">\n\t\t\t\t\t\t\t<blockquote class=\"elementor-blockquote\">\n\t\t\t<p class=\"elementor-blockquote__content\">\n\t\t\t\tLa Corporaci\u00f3n de Apoyo y Promoci\u00f3n de la Equidad en Inclusi\u00f3n Social es una ONG de Desarrollo sin fines de lucro fundada por un grupo de profesionales vinculados a las ciencias sociales\t\t\t<\/p>\n\t\t\t\t\t<\/blockquote>\n\t\t\t\t\t\t<\/div>\n\t\t\t\t<\/div>\n\t\t\t\t\t<\/div>\n\t\t<\/div>\n\t\t\t\t<div class=\"elementor-column elementor-col-50 elementor-top-column elementor-element elementor-element-196816cc\" data-id=\"196816cc\" data-element_type=\"column\" data-settings=\"{&quot;background_background&quot;:&quot;classic&quot;}\">\n\t\t\t<div class=\"elementor-widget-wrap elementor-element-populated\">\n\t\t\t\t\t<div class=\"elementor-background-overlay\"><\/div>\n\t\t\t\t\t\t<div class=\"elementor-element elementor-element-39a0442e elementor-widget elementor-widget-elementskit-heading\" data-id=\"39a0442e\" data-element_type=\"widget\" data-widget_type=\"elementskit-heading.default\">\n\t\t\t\t<div class=\"elementor-widget-container\">\n\t\t\t\t\t<div class=\"ekit-wid-con\" ><div class=\"ekit-heading elementskit-section-title-wraper text_center   ekit_heading_tablet-text_center   ekit_heading_mobile-\"><h3 class=\"ekit-heading--title elementskit-section-title \">\u00bfTienes Preguntas?<\/h3><h3 class=\"ekit-heading--subtitle elementskit-section-subtitle  \">\n\t\t\t\t\t\tNo dudes en escribirnos\n\t\t\t\t\t<\/h3><\/div><\/div>\t\t\t\t<\/div>\n\t\t\t\t<\/div>\n\t\t\t\t<div class=\"elementor-element elementor-element-237eecad elementor-button-align-center elementor-widget elementor-widget-form\" data-id=\"237eecad\" data-element_type=\"widget\" data-settings=\"{&quot;step_next_label&quot;:&quot;Next&quot;,&quot;step_previous_label&quot;:&quot;Previous&quot;,&quot;button_width&quot;:&quot;100&quot;,&quot;step_type&quot;:&quot;number_text&quot;,&quot;step_icon_shape&quot;:&quot;circle&quot;}\" data-widget_type=\"form.default\">\n\t\t\t\t<div class=\"elementor-widget-container\">\n\t\t\t\t\t\t\t<form class=\"elementor-form\" method=\"post\" name=\"New Form\" aria-label=\"New Form\">\n\t\t\t<input type=\"hidden\" name=\"post_id\" value=\"111\"\/>\n\t\t\t<input type=\"hidden\" name=\"form_id\" value=\"237eecad\"\/>\n\t\t\t<input type=\"hidden\" name=\"referer_title\" value=\"\" \/>\n\n\t\t\t\n\t\t\t<div class=\"elementor-form-fields-wrapper elementor-labels-\">\n\t\t\t\t\t\t\t\t<div class=\"elementor-field-type-text elementor-field-group elementor-column elementor-field-group-name elementor-col-100 elementor-field-required\">\n\t\t\t\t\t\t\t\t\t\t\t\t<label for=\"form-field-name\" class=\"elementor-field-label elementor-screen-only\">\n\t\t\t\t\t\t\t\tNombre completo\t\t\t\t\t\t\t<\/label>\n\t\t\t\t\t\t\t\t\t\t\t\t\t\t<input size=\"1\" type=\"text\" name=\"form_fields[name]\" id=\"form-field-name\" class=\"elementor-field elementor-size-sm  elementor-field-textual\" placeholder=\"Nombre completo\" required=\"required\">\n\t\t\t\t\t\t\t\t\t\t\t<\/div>\n\t\t\t\t\t\t\t\t<div class=\"elementor-field-type-text elementor-field-group elementor-column elementor-field-group-field_30f75d9 elementor-col-100 elementor-field-required\">\n\t\t\t\t\t\t\t\t\t\t\t\t<label for=\"form-field-field_30f75d9\" class=\"elementor-field-label elementor-screen-only\">\n\t\t\t\t\t\t\t\tEmail\t\t\t\t\t\t\t<\/label>\n\t\t\t\t\t\t\t\t\t\t\t\t\t\t<input size=\"1\" type=\"text\" name=\"form_fields[field_30f75d9]\" id=\"form-field-field_30f75d9\" class=\"elementor-field elementor-size-sm  elementor-field-textual\" placeholder=\"Email\" required=\"required\">\n\t\t\t\t\t\t\t\t\t\t\t<\/div>\n\t\t\t\t\t\t\t\t<div class=\"elementor-field-type-text elementor-field-group elementor-column elementor-field-group-field_b5bcf67 elementor-col-100 elementor-field-required\">\n\t\t\t\t\t\t\t\t\t\t\t\t<label for=\"form-field-field_b5bcf67\" class=\"elementor-field-label elementor-screen-only\">\n\t\t\t\t\t\t\t\tTel\u00e9fono\t\t\t\t\t\t\t<\/label>\n\t\t\t\t\t\t\t\t\t\t\t\t\t\t<input size=\"1\" type=\"text\" name=\"form_fields[field_b5bcf67]\" id=\"form-field-field_b5bcf67\" class=\"elementor-field elementor-size-sm  elementor-field-textual\" placeholder=\"Tel\u00e9fono\" required=\"required\">\n\t\t\t\t\t\t\t\t\t\t\t<\/div>\n\t\t\t\t\t\t\t\t<div class=\"elementor-field-type-textarea elementor-field-group elementor-column elementor-field-group-message elementor-col-100\">\n\t\t\t\t\t\t\t\t\t\t\t\t<label for=\"form-field-message\" class=\"elementor-field-label elementor-screen-only\">\n\t\t\t\t\t\t\t\tMensaje\t\t\t\t\t\t\t<\/label>\n\t\t\t\t\t\t<textarea class=\"elementor-field-textual elementor-field  elementor-size-sm\" name=\"form_fields[message]\" id=\"form-field-message\" rows=\"4\" placeholder=\"Mensaje\"><\/textarea>\t\t\t\t<\/div>\n\t\t\t\t\t\t\t\t<div class=\"elementor-field-group elementor-column elementor-field-type-submit elementor-col-100 e-form__buttons\">\n\t\t\t\t\t<button class=\"elementor-button elementor-size-sm\" type=\"submit\">\n\t\t\t\t\t\t<span class=\"elementor-button-content-wrapper\">\n\t\t\t\t\t\t\t\t\t\t\t\t\t\t\t\t\t\t\t\t\t\t<span class=\"elementor-button-text\">Enviar Mensaje<\/span>\n\t\t\t\t\t\t\t\t\t\t\t\t\t<\/span>\n\t\t\t\t\t<\/button>\n\t\t\t\t<\/div>\n\t\t\t<\/div>\n\t\t<\/form>\n\t\t\t\t\t\t<\/div>\n\t\t\t\t<\/div>\n\t\t\t\t\t<\/div>\n\t\t<\/div>\n\t\t\t\t\t<\/div>\n\t\t<\/section>\n\t\t\t\t<\/div>\n\t\t","protected":false},"excerpt":{"rendered":"<p>Trabaja con nosotros Preguntas Frecuentes En CAPREIS, buscamos personas con energ\u00eda, compromiso y que quieran crecer junto a nosotros. Valoramos el trabajo en equipo, la innovaci\u00f3n y las ganas de aprender constantemente. Ofrecemos un entorno de trabajo colaborativo, oportunidades reales de desarrollo profesional y la posibilidad de impactar positivamente en lo que hacemos cada d\u00eda&#8230;.<\/p>\n","protected":false},"author":1,"featured_media":0,"parent":0,"menu_order":0,"comment_status":"closed","ping_status":"closed","template":"","meta":{"productId":0,"footnotes":""},"class_list":["post-111","page","type-page","status-publish","hentry"],"_links":{"self":[{"href":"https:\/\/capreis.cl\/web\/wp-json\/wp\/v2\/pages\/111","targetHints":{"allow":["GET"]}}],"collection":[{"href":"https:\/\/capreis.cl\/web\/wp-json\/wp\/v2\/pages"}],"about":[{"href":"https:\/\/capreis.cl\/web\/wp-json\/wp\/v2\/types\/page"}],"author":[{"embeddable":true,"href":"https:\/\/capreis.cl\/web\/wp-json\/wp\/v2\/users\/1"}],"replies":[{"embeddable":true,"href":"https:\/\/capreis.cl\/web\/wp-json\/wp\/v2\/comments?post=111"}],"version-history":[{"count":10,"href":"https:\/\/capreis.cl\/web\/wp-json\/wp\/v2\/pages\/111\/revisions"}],"predecessor-version":[{"id":423,"href":"https:\/\/capreis.cl\/web\/wp-json\/wp\/v2\/pages\/111\/revisions\/423"}],"wp:attachment":[{"href":"https:\/\/capreis.cl\/web\/wp-json\/wp\/v2\/media?parent=111"}],"curies":[{"name":"wp","href":"https:\/\/api.w.org\/{rel}","templated":true}]}}